{"id":412,"date":"2022-02-07T20:37:17","date_gmt":"2022-02-07T19:37:17","guid":{"rendered":"https:\/\/www.volopharm.com\/de\/?page_id=412"},"modified":"2022-05-13T11:02:32","modified_gmt":"2022-05-13T09:02:32","slug":"versand-zahlung","status":"publish","type":"page","link":"https:\/\/www.volopharm.com\/de\/versand-zahlung\/","title":{"rendered":"Versand &#038; Zahlung"},"content":{"rendered":"\t\t<div data-elementor-type=\"wp-page\" data-elementor-id=\"412\" class=\"elementor elementor-412\" data-elementor-post-type=\"page\">\n\t\t\t\t\t\t<section class=\"elementor-section elementor-top-section elementor-element elementor-element-2b8e75e elementor-section-boxed elementor-section-height-default elementor-section-height-default\" data-id=\"2b8e75e\" data-element_type=\"section\" data-e-type=\"section\" data-settings=\"{&quot;background_background&quot;:&quot;classic&quot;}\">\n\t\t\t\t\t\t<div class=\"elementor-container elementor-column-gap-default\">\n\t\t\t\t\t<div class=\"elementor-column elementor-col-100 elementor-top-column elementor-element elementor-element-f6555b7\" data-id=\"f6555b7\" data-element_type=\"column\" data-e-type=\"column\">\n\t\t\t<div class=\"elementor-widget-wrap elementor-element-populated\">\n\t\t\t\t\t\t<div class=\"elementor-element elementor-element-dda7b00 elementor-widget elementor-widget-heading\" data-id=\"dda7b00\" data-element_type=\"widget\" data-e-type=\"widget\" data-widget_type=\"heading.default\">\n\t\t\t\t<div class=\"elementor-widget-container\">\n\t\t\t\t\t<h1 class=\"elementor-heading-title elementor-size-default\">Versand &amp; Zahlung<\/h1>\t\t\t\t<\/div>\n\t\t\t\t<\/div>\n\t\t\t\t<div class=\"elementor-element elementor-element-c7987bd elementor-widget elementor-widget-heading\" data-id=\"c7987bd\" data-element_type=\"widget\" data-e-type=\"widget\" data-widget_type=\"heading.default\">\n\t\t\t\t<div class=\"elementor-widget-container\">\n\t\t\t\t\t<h2 class=\"elementor-heading-title elementor-size-default\">Versand &amp; Lieferzeit<\/h2>\t\t\t\t<\/div>\n\t\t\t\t<\/div>\n\t\t\t\t<div class=\"elementor-element elementor-element-8c9bc12 color-scheme-inherit text-left elementor-widget elementor-widget-text-editor\" data-id=\"8c9bc12\" data-element_type=\"widget\" data-e-type=\"widget\" data-widget_type=\"text-editor.default\">\n\t\t\t\t<div class=\"elementor-widget-container\">\n\t\t\t\t\t\t\t\t\t<p>Ab einem Bestellwert (=Rechnungssumme) von \u20ac50,00 liefern wir Ihre Bestellung versandkostenfrei. Liegt der Bestellwert darunter fallen Versandkosten in H\u00f6he von \u20ac4,90 pro Lieferung an. In unserem Online-Shop m\u00fcssen Sie nicht lange auf Ihre Bestellung warten, wir liefern innerhalb von maximal 5 Werktagen.<\/p><p><span style=\"font-size: 18px; background-color: var(--wd-main-bgcolor); color: var(--wd-text-color);\">Bestellungen \u00fcber volopharm.com\/de k\u00f6nnen nur an eine Lieferadresse in Deutschland erfolgen.<\/span><\/p>\t\t\t\t\t\t\t\t<\/div>\n\t\t\t\t<\/div>\n\t\t\t\t<div class=\"elementor-element elementor-element-04c7daa elementor-widget elementor-widget-heading\" data-id=\"04c7daa\" data-element_type=\"widget\" data-e-type=\"widget\" data-widget_type=\"heading.default\">\n\t\t\t\t<div class=\"elementor-widget-container\">\n\t\t\t\t\t<h2 class=\"elementor-heading-title elementor-size-default\">Retouren <\/h2>\t\t\t\t<\/div>\n\t\t\t\t<\/div>\n\t\t\t\t<div class=\"elementor-element elementor-element-8444182 color-scheme-inherit text-left elementor-widget elementor-widget-text-editor\" data-id=\"8444182\" data-element_type=\"widget\" data-e-type=\"widget\" data-widget_type=\"text-editor.default\">\n\t\t\t\t<div class=\"elementor-widget-container\">\n\t\t\t\t\t\t\t\t\t<p>F\u00fcr Retouren, Beschwerden, Umtausch oder Fragen kontaktieren Sie uns bitte per E-Mail an\u00a0 <a href=\"mailto:office@volopharm.com\">office@volopharm.com<\/a>, telefonisch unter <a href=\"tel:+498654608730\">+49 (0) 8654 608730<\/a> oder schicken Sie uns eine Nachricht per <a href=\"https:\/\/www.volopharm.com\/de\/kontakt\/\">Kontaktformular<\/a>.<\/p>\t\t\t\t\t\t\t\t<\/div>\n\t\t\t\t<\/div>\n\t\t\t\t<div class=\"elementor-element elementor-element-7d356d6 elementor-widget elementor-widget-heading\" data-id=\"7d356d6\" data-element_type=\"widget\" data-e-type=\"widget\" data-widget_type=\"heading.default\">\n\t\t\t\t<div class=\"elementor-widget-container\">\n\t\t\t\t\t<h2 class=\"elementor-heading-title elementor-size-default\">Zahlungsarten<\/h2>\t\t\t\t<\/div>\n\t\t\t\t<\/div>\n\t\t\t\t<div class=\"elementor-element elementor-element-49ff590 color-scheme-inherit text-left elementor-widget elementor-widget-text-editor\" data-id=\"49ff590\" data-element_type=\"widget\" data-e-type=\"widget\" data-widget_type=\"text-editor.default\">\n\t\t\t\t<div class=\"elementor-widget-container\">\n\t\t\t\t\t\t\t\t\t<p>Unseren Kunden bieten wir maximale Flexibilit\u00e4t. Sie k\u00f6nnen daher zwischen verschiedenen Zahlungsarten, unter anderem Paypal, Klarna, Kreditkartenzahlung sowie Sofort\u00fcberweisung, w\u00e4hlen.\u00a0\u00a0<\/p>\t\t\t\t\t\t\t\t<\/div>\n\t\t\t\t<\/div>\n\t\t\t\t\t<\/div>\n\t\t<\/div>\n\t\t\t\t\t<\/div>\n\t\t<\/section>\n\t\t\t\t<\/div>\n\t\t","protected":false},"excerpt":{"rendered":"<p>Versand &amp; Zahlung Versand &amp; Lieferzeit Ab einem Bestellwert (=Rechnungssumme) von \u20ac50,00 liefern wir Ihre Bestellung versandkostenfrei. Liegt der Bestellwert<\/p>\n","protected":false},"author":1,"featured_media":0,"parent":0,"menu_order":26,"comment_status":"closed","ping_status":"closed","template":"","meta":{"_acf_changed":false,"content-type":"","footnotes":""},"class_list":["post-412","page","type-page","status-publish","hentry"],"acf":[],"yoast_head":"<!-- This site is optimized with the Yoast SEO plugin v27.4 - https:\/\/yoast.com\/product\/yoast-seo-wordpress\/ -->\n<title>Versand &amp; Zahlung - Volopharm Deutschland<\/title>\n<meta name=\"robots\" content=\"index, follow, max-snippet:-1, max-image-preview:large, max-video-preview:-1\" \/>\n<link rel=\"canonical\" href=\"https:\/\/www.volopharm.com\/de\/versand-zahlung\/\" \/>\n<meta property=\"og:locale\" content=\"de_DE\" \/>\n<meta property=\"og:type\" content=\"article\" \/>\n<meta property=\"og:title\" content=\"Versand &amp; Zahlung - Volopharm Deutschland\" \/>\n<meta property=\"og:description\" content=\"Versand &amp; Zahlung Versand &amp; Lieferzeit Ab einem Bestellwert (=Rechnungssumme) von \u20ac50,00 liefern wir Ihre Bestellung versandkostenfrei. Liegt der Bestellwert\" \/>\n<meta property=\"og:url\" content=\"https:\/\/www.volopharm.com\/de\/versand-zahlung\/\" \/>\n<meta property=\"og:site_name\" content=\"Volopharm Deutschland\" \/>\n<meta property=\"article:publisher\" content=\"https:\/\/www.facebook.com\/karazym\/\" \/>\n<meta property=\"article:modified_time\" content=\"2022-05-13T09:02:32+00:00\" \/>\n<meta name=\"twitter:card\" content=\"summary_large_image\" \/>\n<meta name=\"twitter:label1\" content=\"Gesch\u00e4tzte Lesezeit\" \/>\n\t<meta name=\"twitter:data1\" content=\"1\u00a0Minute\" \/>\n<script type=\"application\/ld+json\" class=\"yoast-schema-graph\">{\"@context\":\"https:\\\/\\\/schema.org\",\"@graph\":[{\"@type\":\"WebPage\",\"@id\":\"https:\\\/\\\/www.volopharm.com\\\/de\\\/versand-zahlung\\\/\",\"url\":\"https:\\\/\\\/www.volopharm.com\\\/de\\\/versand-zahlung\\\/\",\"name\":\"Versand & Zahlung - Volopharm Deutschland\",\"isPartOf\":{\"@id\":\"https:\\\/\\\/www.volopharm.com\\\/de\\\/#website\"},\"datePublished\":\"2022-02-07T19:37:17+00:00\",\"dateModified\":\"2022-05-13T09:02:32+00:00\",\"breadcrumb\":{\"@id\":\"https:\\\/\\\/www.volopharm.com\\\/de\\\/versand-zahlung\\\/#breadcrumb\"},\"inLanguage\":\"de\",\"potentialAction\":[{\"@type\":\"ReadAction\",\"target\":[\"https:\\\/\\\/www.volopharm.com\\\/de\\\/versand-zahlung\\\/\"]}]},{\"@type\":\"BreadcrumbList\",\"@id\":\"https:\\\/\\\/www.volopharm.com\\\/de\\\/versand-zahlung\\\/#breadcrumb\",\"itemListElement\":[{\"@type\":\"ListItem\",\"position\":1,\"name\":\"Startseite\",\"item\":\"https:\\\/\\\/www.volopharm.com\\\/de\\\/\"},{\"@type\":\"ListItem\",\"position\":2,\"name\":\"Versand &#038; Zahlung\"}]},{\"@type\":\"WebSite\",\"@id\":\"https:\\\/\\\/www.volopharm.com\\\/de\\\/#website\",\"url\":\"https:\\\/\\\/www.volopharm.com\\\/de\\\/\",\"name\":\"Volopharm Deutschland\",\"description\":\"Nahrungserg\u00e4nzungsmittel und Lebensmittel f\u00fcr besondere medizinische Zwecke.\",\"publisher\":{\"@id\":\"https:\\\/\\\/www.volopharm.com\\\/de\\\/#organization\"},\"potentialAction\":[{\"@type\":\"SearchAction\",\"target\":{\"@type\":\"EntryPoint\",\"urlTemplate\":\"https:\\\/\\\/www.volopharm.com\\\/de\\\/?s={search_term_string}\"},\"query-input\":{\"@type\":\"PropertyValueSpecification\",\"valueRequired\":true,\"valueName\":\"search_term_string\"}}],\"inLanguage\":\"de\"},{\"@type\":\"Organization\",\"@id\":\"https:\\\/\\\/www.volopharm.com\\\/de\\\/#organization\",\"name\":\"VOLOPHARM GmbH\",\"url\":\"https:\\\/\\\/www.volopharm.com\\\/de\\\/\",\"logo\":{\"@type\":\"ImageObject\",\"inLanguage\":\"de\",\"@id\":\"https:\\\/\\\/www.volopharm.com\\\/de\\\/#\\\/schema\\\/logo\\\/image\\\/\",\"url\":\"https:\\\/\\\/www.volopharm.com\\\/de\\\/wp-content\\\/uploads\\\/sites\\\/3\\\/logo-volopharm.png\",\"contentUrl\":\"https:\\\/\\\/www.volopharm.com\\\/de\\\/wp-content\\\/uploads\\\/sites\\\/3\\\/logo-volopharm.png\",\"width\":361,\"height\":82,\"caption\":\"VOLOPHARM GmbH\"},\"image\":{\"@id\":\"https:\\\/\\\/www.volopharm.com\\\/de\\\/#\\\/schema\\\/logo\\\/image\\\/\"},\"sameAs\":[\"https:\\\/\\\/www.facebook.com\\\/karazym\\\/\",\"https:\\\/\\\/www.instagram.com\\\/sandermin.plus\\\/?utm_medium=copy_link\"]}]}<\/script>\n<!-- \/ Yoast SEO plugin. -->","yoast_head_json":{"title":"Versand & Zahlung - Volopharm Deutschland","robots":{"index":"index","follow":"follow","max-snippet":"max-snippet:-1","max-image-preview":"max-image-preview:large","max-video-preview":"max-video-preview:-1"},"canonical":"https:\/\/www.volopharm.com\/de\/versand-zahlung\/","og_locale":"de_DE","og_type":"article","og_title":"Versand & Zahlung - Volopharm Deutschland","og_description":"Versand &amp; Zahlung Versand &amp; Lieferzeit Ab einem Bestellwert (=Rechnungssumme) von \u20ac50,00 liefern wir Ihre Bestellung versandkostenfrei. Liegt der Bestellwert","og_url":"https:\/\/www.volopharm.com\/de\/versand-zahlung\/","og_site_name":"Volopharm Deutschland","article_publisher":"https:\/\/www.facebook.com\/karazym\/","article_modified_time":"2022-05-13T09:02:32+00:00","twitter_card":"summary_large_image","twitter_misc":{"Gesch\u00e4tzte Lesezeit":"1\u00a0Minute"},"schema":{"@context":"https:\/\/schema.org","@graph":[{"@type":"WebPage","@id":"https:\/\/www.volopharm.com\/de\/versand-zahlung\/","url":"https:\/\/www.volopharm.com\/de\/versand-zahlung\/","name":"Versand & Zahlung - Volopharm Deutschland","isPartOf":{"@id":"https:\/\/www.volopharm.com\/de\/#website"},"datePublished":"2022-02-07T19:37:17+00:00","dateModified":"2022-05-13T09:02:32+00:00","breadcrumb":{"@id":"https:\/\/www.volopharm.com\/de\/versand-zahlung\/#breadcrumb"},"inLanguage":"de","potentialAction":[{"@type":"ReadAction","target":["https:\/\/www.volopharm.com\/de\/versand-zahlung\/"]}]},{"@type":"BreadcrumbList","@id":"https:\/\/www.volopharm.com\/de\/versand-zahlung\/#breadcrumb","itemListElement":[{"@type":"ListItem","position":1,"name":"Startseite","item":"https:\/\/www.volopharm.com\/de\/"},{"@type":"ListItem","position":2,"name":"Versand &#038; Zahlung"}]},{"@type":"WebSite","@id":"https:\/\/www.volopharm.com\/de\/#website","url":"https:\/\/www.volopharm.com\/de\/","name":"Volopharm Deutschland","description":"Nahrungserg\u00e4nzungsmittel und Lebensmittel f\u00fcr besondere medizinische Zwecke.","publisher":{"@id":"https:\/\/www.volopharm.com\/de\/#organization"},"potentialAction":[{"@type":"SearchAction","target":{"@type":"EntryPoint","urlTemplate":"https:\/\/www.volopharm.com\/de\/?s={search_term_string}"},"query-input":{"@type":"PropertyValueSpecification","valueRequired":true,"valueName":"search_term_string"}}],"inLanguage":"de"},{"@type":"Organization","@id":"https:\/\/www.volopharm.com\/de\/#organization","name":"VOLOPHARM GmbH","url":"https:\/\/www.volopharm.com\/de\/","logo":{"@type":"ImageObject","inLanguage":"de","@id":"https:\/\/www.volopharm.com\/de\/#\/schema\/logo\/image\/","url":"https:\/\/www.volopharm.com\/de\/wp-content\/uploads\/sites\/3\/logo-volopharm.png","contentUrl":"https:\/\/www.volopharm.com\/de\/wp-content\/uploads\/sites\/3\/logo-volopharm.png","width":361,"height":82,"caption":"VOLOPHARM GmbH"},"image":{"@id":"https:\/\/www.volopharm.com\/de\/#\/schema\/logo\/image\/"},"sameAs":["https:\/\/www.facebook.com\/karazym\/","https:\/\/www.instagram.com\/sandermin.plus\/?utm_medium=copy_link"]}]}},"_links":{"self":[{"href":"https:\/\/www.volopharm.com\/de\/wp-json\/wp\/v2\/pages\/412","targetHints":{"allow":["GET"]}}],"collection":[{"href":"https:\/\/www.volopharm.com\/de\/wp-json\/wp\/v2\/pages"}],"about":[{"href":"https:\/\/www.volopharm.com\/de\/wp-json\/wp\/v2\/types\/page"}],"author":[{"embeddable":true,"href":"https:\/\/www.volopharm.com\/de\/wp-json\/wp\/v2\/users\/1"}],"replies":[{"embeddable":true,"href":"https:\/\/www.volopharm.com\/de\/wp-json\/wp\/v2\/comments?post=412"}],"version-history":[{"count":0,"href":"https:\/\/www.volopharm.com\/de\/wp-json\/wp\/v2\/pages\/412\/revisions"}],"wp:attachment":[{"href":"https:\/\/www.volopharm.com\/de\/wp-json\/wp\/v2\/media?parent=412"}],"curies":[{"name":"wp","href":"https:\/\/api.w.org\/{rel}","templated":true}]}}